{"id":1275,"date":"2015-10-21T07:42:32","date_gmt":"2015-10-21T07:42:32","guid":{"rendered":"http:\/\/logistics.stylemixthemes.com\/demo\/?page_id=2"},"modified":"2024-02-12T08:58:29","modified_gmt":"2024-02-12T06:58:29","slug":"home","status":"publish","type":"page","link":"https:\/\/iubiexim.ro\/","title":{"rendered":"Home"},"content":{"rendered":"<div class=\"wpb-content-wrapper\"><p>[vc_row full_width=&#8221;stretch_row_content_no_spaces&#8221; css=&#8221;.vc_custom_1445941555299{margin-bottom: 0px !important;}&#8221;][vc_column][rev_slider_vc alias=&#8221;main_slider&#8221;][vc_empty_space][\/vc_column][\/vc_row][vc_row css=&#8221;.vc_custom_1450264294682{margin-bottom: 80px !important;}&#8221;][vc_column offset=&#8221;vc_col-lg-6 vc_col-md-6&#8243;][vc_column_text]<\/p>\n<h2><span style=\"font-weight: 300;\">DESPRE NOI<\/span><\/h2>\n<p align=\"JUSTIFY\"><span style=\"font-size: medium;\">Mai mult decat o companie de transporturi rutiere de marfa, compania Iubi Exim este o mare familie, cu valori \u0219i principii fundamentate pe parcursul a mai bine de 16 ani de drum. To\u021bi colegii nostri, de la soferii profesionisti cu experienta vasta pana la centrul logistic si top management, formeaza echipa si familia Iubi Exim.<\/span><\/p>\n<p align=\"JUSTIFY\"><span style=\"font-size: medium;\">In cei <\/span><span style=\"font-size: medium;\"><b>peste 16 ani de activitate<\/b><\/span><span style=\"font-size: medium;\">, fiecare proiect de transport inceput a fost dus la bun sfarsit in conditii optime de siguranta si timp. Seriozitatea si promptitudinea sunt valorile noastre cele mai de pret, de aceea fiecare colaborare cu clientii si partenerii nostri aduce plus valoare pentru fiecare.<\/span><\/p>\n<p align=\"JUSTIFY\"><span style=\"font-size: medium;\">Credem cu tarie in munca realizata cu profesionalism si transparenta, cu atentie \u0219i preocupare pentru excelenta. De aceea<\/span><span style=\"font-size: medium;\"><b>, implementam in permanenta noi tehnologii<\/b><\/span><span style=\"font-size: medium;\"> si <\/span><span style=\"font-size: medium;\"><b>oferim abordari personalizate fiecarui client in parte<\/b><\/span><span style=\"font-size: medium;\">.<\/span><\/p>\n<p align=\"JUSTIFY\"><span style=\"font-size: medium;\">Iti intelegem perfect nevoia de siguranta si eficienta, caracteristici definitorii ale business-ului. In acest sens, <\/span><span style=\"font-size: medium;\"><b>marfa ta, transportata de noi, beneficiaza de trasabilitate non-stop, <\/b><\/span><span style=\"font-size: medium;\">obtinuta cu ajutorul sistemelor de localizare <\/span><span style=\"font-size: medium;\"><b>in timp real<\/b><\/span><span style=\"font-size: medium;\">. Iar <\/span><span style=\"font-size: medium;\"><b>marfa este 100% asigurata<\/b><\/span><span style=\"font-size: medium;\">, conform normelor reglementate de autoritati.<\/span><\/p>\n<p align=\"JUSTIFY\"><span style=\"font-size: medium;\">Te invitam, asadar, in familia noastra unde fiecare client este intampinat cu aceeasi caldura, intelegere si onestitate. Pentru ca We care. We carry for you!<\/span><\/p>\n<p>[\/vc_column_text][vc_row_inner][vc_column_inner width=&#8221;1\/3&#8243;][vc_column_text]<strong>CEO<br \/>\n<\/strong><span style=\"font-size: medium;\">Marius Dronca<\/span>[\/vc_column_text][\/vc_column_inner][vc_column_inner width=&#8221;1\/3&#8243;][vc_single_image image=&#8221;1398&#8243; img_size=&#8221;full&#8221; css=&#8221;.vc_custom_1637599470097{padding-top: 5px !important;}&#8221;][\/vc_column_inner][vc_column_inner width=&#8221;1\/3&#8243;][\/vc_column_inner][\/vc_row_inner][\/vc_column][vc_column offset=&#8221;vc_col-lg-6 vc_col-md-6 vc_hidden-sm vc_hidden-xs&#8221;][vc_single_image image=&#8221;1396&#8243; img_size=&#8221;full&#8221;][\/vc_column][\/vc_row][vc_row full_width=&#8221;stretch_row&#8221; css=&#8221;.vc_custom_1637601151261{background-color: #ededed !important;}&#8221;][vc_column][vc_empty_space][vc_custom_heading text=&#8221;Avantaje&#8221; use_theme_fonts=&#8221;yes&#8221; css=&#8221;.vc_custom_1637600963422{margin-bottom: 38px !important;}&#8221;][vc_row_inner][vc_column_inner width=&#8221;1\/3&#8243;][vc_column_text]<strong>Experienta sutelor de contracte riguroase<\/strong>, cu diverse tipologii de clienti, finalizate cu succes[\/vc_column_text][vc_empty_space height=&#8221;12px&#8221;][\/vc_column_inner][vc_column_inner width=&#8221;1\/3&#8243;][vc_column_text]<strong>Control deplin<\/strong> asupra transportului, prin monitorizare GPS, in timp real[\/vc_column_text][vc_empty_space height=&#8221;12px&#8221;][\/vc_column_inner][vc_column_inner width=&#8221;1\/3&#8243;][vc_column_text]<strong>Capacitate extinsa de depozitare<\/strong>, atat in Romania, cat si in tari din Europa[\/vc_column_text][vc_empty_space height=&#8221;12px&#8221;][\/vc_column_inner][\/vc_row_inner][vc_row_inner][vc_column_inner width=&#8221;1\/3&#8243;][vc_column_text]<strong>Atelier auto propriu<\/strong> pentru reparatii[\/vc_column_text][vc_empty_space height=&#8221;12px&#8221;][\/vc_column_inner][vc_column_inner width=&#8221;1\/3&#8243;][vc_column_text]<strong>Flexibilitate si putere de adaptare<\/strong> la nevoile fiecarui client[\/vc_column_text][vc_empty_space height=&#8221;12px&#8221;][\/vc_column_inner][vc_column_inner width=&#8221;1\/3&#8243;][vc_column_text]<strong>Raport excelent de calitate\/ pret<\/strong>[\/vc_column_text][vc_empty_space height=&#8221;12px&#8221;][\/vc_column_inner][\/vc_row_inner][vc_row_inner][vc_column_inner width=&#8221;1\/3&#8243;][vc_column_text]<strong>Optimizare costuri<\/strong> pentru fiecare client si tip de marfa[\/vc_column_text][vc_empty_space height=&#8221;12px&#8221;][\/vc_column_inner][vc_column_inner width=&#8221;1\/3&#8243;][vc_column_text]<strong>Investitii permanente<\/strong> in logistica si tehnologie[\/vc_column_text][vc_empty_space height=&#8221;12px&#8221;][\/vc_column_inner][vc_column_inner width=&#8221;1\/3&#8243;][vc_column_text]<strong>Disponibilitate non-stop<\/strong> (24 ore\/ 24 ore, 7 zile\/ s\u0103pt\u0103m\u00e2n\u0103)[\/vc_column_text][vc_empty_space height=&#8221;12px&#8221;][\/vc_column_inner][\/vc_row_inner][\/vc_column][\/vc_row][vc_row css=&#8221;.vc_custom_1450356867512{margin-bottom: 0px !important;padding-top: 53px !important;padding-bottom: 53px !important;}&#8221;][vc_column][stm_image_carousel grayscale=&#8221;yes&#8221; img_size=&#8221;full&#8221; autoplay=&#8221;yes&#8221; timeout=&#8221;4000&#8243; loop=&#8221;yes&#8221; items=&#8221;5&#8243; items_mobile=&#8221;2&#8243; images=&#8221;1540,1542,1546,1544,1549&#8243;][\/vc_column][\/vc_row][vc_row full_width=&#8221;stretch_row&#8221; css=&#8221;.vc_custom_1450270522171{margin-bottom: 0px !important;padding-top: 40px !important;padding-bottom: 14px !important;}&#8221; el_class=&#8221;secondary_bg_color&#8221;][vc_column width=&#8221;1\/2&#8243; offset=&#8221;vc_col-lg-3 vc_col-md-3&#8243; css=&#8221;.vc_custom_1449142338264{margin-bottom: 30px !important;}&#8221;][stm_counter counter_value=&#8221;16&#8243; drawing=&#8221;yes&#8221; icon_width_svg=&#8221;65&#8243; icon_size=&#8221;64&#8243; title=&#8221;ani de experienta&#8221; drawing_icon=&#8221;stm-projects-done&#8221; icon_color=&#8221;#ffffff&#8221;][\/vc_column][vc_column width=&#8221;1\/2&#8243; offset=&#8221;vc_col-lg-3 vc_col-md-3&#8243; css=&#8221;.vc_custom_1449142329000{margin-bottom: 30px !important;}&#8221;][stm_counter counter_value=&#8221;149&#8243; drawing=&#8221;yes&#8221; icon_width_svg=&#8221;64&#8243; icon_size=&#8221;68&#8243; title=&#8221;vehicule performante&#8221; drawing_icon=&#8221;stm-ground-transport&#8221; icon_color=&#8221;#ffffff&#8221;][\/vc_column][vc_column width=&#8221;1\/2&#8243; offset=&#8221;vc_col-lg-3 vc_col-md-3&#8243; css=&#8221;.vc_custom_1449142343672{margin-bottom: 30px !important;}&#8221;][stm_counter counter_value=&#8221;5000&#8243; drawing=&#8221;yes&#8221; icon_width=&#8221;80&#8243; icon_width_svg=&#8221;52&#8243; icon_size=&#8221;67&#8243; title=&#8221;mp depozite&#8221; drawing_icon=&#8221;stm-clients-worldwide&#8221; icon_color=&#8221;#ffffff&#8221;][\/vc_column][vc_column width=&#8221;1\/2&#8243; offset=&#8221;vc_col-lg-3 vc_col-md-3&#8243; css=&#8221;.vc_custom_1449142350247{margin-bottom: 30px !important;}&#8221;][stm_counter counter_value=&#8221;238&#8243; drawing=&#8221;yes&#8221; icon_width=&#8221;100&#8243; icon_width_svg=&#8221;68&#8243; icon_size=&#8221;67&#8243; title=&#8221;clienti multumiti&#8221; drawing_icon=&#8221;stm-people-in-team&#8221; icon_color=&#8221;#ffffff&#8221;][\/vc_column][\/vc_row][vc_row full_width=&#8221;stretch_row&#8221; css=&#8221;.vc_custom_1637686480215{background-color: #e8e8e8 !important;}&#8221;][vc_column width=&#8221;1\/2&#8243;][vc_empty_space][vc_custom_heading text=&#8221;Parc Auto&#8221; use_theme_fonts=&#8221;yes&#8221;][vc_column_text]Dinamica diversificarii parcului auto constituie unul dintre punctele noastre forte care contribuie la indeplinirea cu succes a fiecarei misiuni.<\/p>\n<p>Flota noastra auto include:<\/p>\n<ul>\n<li>Camioane &gt; 12 tone<\/li>\n<li>Semiremorci duba Double-deck<\/li>\n<li>Semiremorci duba Bi-temp<\/li>\n<li>Semiremorci dotate pentru transport High Value<\/li>\n<li>Semiremorci mega prelate<\/li>\n<li>Semiremorci dube frig<\/li>\n<li>Remorci tandem<\/li>\n<\/ul>\n<p>[\/vc_column_text][vc_empty_space][\/vc_column][vc_column width=&#8221;1\/2&#8243;][vc_empty_space][vc_custom_heading text=&#8221;Depozitare&#8221; use_theme_fonts=&#8221;yes&#8221;][vc_column_text]Spatiile noastre pentru depozitare sunt pregatite sa raspunda in permanenta oricarei solicitari din partea departamentului de logistica.<\/p>\n<ul>\n<li>Spatii de depozitare moderne, prevazute cu rampe de incarcare acoperite<\/li>\n<li>Stocare si manipulare la standarde europene<\/li>\n<li>Locatii proprii de depozitare in 2 tari: Romania si Germania<\/li>\n<li>Suprafata totala depozite proprii: 5000 mp<\/li>\n<\/ul>\n<p>[\/vc_column_text][vc_empty_space][\/vc_column][\/vc_row][vc_row css=&#8221;.vc_custom_1450356867512{margin-bottom: 0px !important;padding-top: 53px !important;padding-bottom: 53px !important;}&#8221;][vc_column][stm_image_carousel grayscale=&#8221;yes&#8221; img_size=&#8221;full&#8221; autoplay=&#8221;yes&#8221; timeout=&#8221;4000&#8243; loop=&#8221;yes&#8221; items=&#8221;5&#8243; items_mobile=&#8221;2&#8243; images=&#8221;1427,1429,1537,1439,1433,1529,1425,1531,1435,1525,1437&#8243;][\/vc_column][\/vc_row][vc_row full_width=&#8221;stretch_row&#8221; equal_height=&#8221;yes&#8221; parallax=&#8221;content-moving&#8221; parallax_image=&#8221;1390&#8243; el_class=&#8221;convert_to_table overlay&#8221; css=&#8221;.vc_custom_1637651351654{margin-bottom: 80px !important;}&#8221;][vc_column width=&#8221;7\/12&#8243; css=&#8221;.vc_custom_1450330273622{padding-top: 60px !important;padding-right: 0px !important;padding-bottom: 60px !important;}&#8221;][vc_custom_heading text=&#8221;Rapiditate si Control asupra marfurilor&#8221; font_container=&#8221;tag:h2|text_align:left|color:%23ffffff&#8221; use_theme_fonts=&#8221;yes&#8221; el_class=&#8221;base_font_color heading_without_line&#8221;][vc_column_text]<span style=\"color: #ffffff;\">Pentru ca detinem sisteme de control de ultima generatie, marfa ta este in siguranta cu noi si va ajunge rapid acolo unde doresti sa o transporti.<\/span>[\/vc_column_text][vc_btn title=&#8221;Contacteaza-ne cu incredere&#8221; style=&#8221;flat&#8221; shape=&#8221;round&#8221; color=&#8221;theme_style_3&#8243; i_align=&#8221;right&#8221; i_icon_fontawesome=&#8221;stm-arrow-next&#8221; add_icon=&#8221;true&#8221; link=&#8221;url:http%3A%2F%2Fiubiexim.ro%2Findex.php%2Fcontact%2F|title:Contacts||&#8221;][\/vc_column][vc_column width=&#8221;5\/12&#8243; css=&#8221;.vc_custom_1450765525367{background-position: center !important;background-repeat: no-repeat !important;background-size: contain !important;}&#8221; offset=&#8221;vc_hidden-md vc_hidden-sm vc_hidden-xs&#8221;][\/vc_column][\/vc_row]<\/p>\n<\/div>","protected":false},"excerpt":{"rendered":"<p>[vc_row full_width=&#8221;stretch_row_content_no_spaces&#8221; css=&#8221;.vc_custom_1445941555299{margin-bottom: 0px !important;}&#8221;][vc_column][rev_slider_vc alias=&#8221;main_slider&#8221;][vc_empty_space][\/vc_column][\/vc_row][vc_row css=&#8221;.vc_custom_1450264294682{margin-bottom: 80px !important;}&#8221;][vc_column offset=&#8221;vc_col-lg-6 vc_col-md-6&#8243;][vc_column_text] DESPRE NOI Mai mult decat o companie de transporturi rutiere de marfa, compania Iubi Exim este o mare familie, cu valori \u0219i&#8230;<\/p>\n","protected":false},"author":1,"featured_media":0,"parent":0,"menu_order":0,"comment_status":"closed","ping_status":"closed","template":"","meta":{"footnotes":""},"class_list":["post-1275","page","type-page","status-publish","hentry"],"yoast_head":"<!-- This site is optimized with the Yoast SEO plugin v26.8 - https:\/\/yoast.com\/product\/yoast-seo-wordpress\/ -->\n<title>Home - Iubi Exim<\/title>\n<meta name=\"robots\" content=\"index, follow, max-snippet:-1, max-image-preview:large, max-video-preview:-1\" \/>\n<link rel=\"canonical\" href=\"https:\/\/iubiexim.ro\/\" \/>\n<meta property=\"og:locale\" content=\"ro_RO\" \/>\n<meta property=\"og:type\" content=\"article\" \/>\n<meta property=\"og:title\" content=\"Home - Iubi Exim\" \/>\n<meta property=\"og:description\" content=\"[vc_row full_width=&#8221;stretch_row_content_no_spaces&#8221; css=&#8221;.vc_custom_1445941555299{margin-bottom: 0px !important;}&#8221;][vc_column][rev_slider_vc alias=&#8221;main_slider&#8221;][vc_empty_space][\/vc_column][\/vc_row][vc_row css=&#8221;.vc_custom_1450264294682{margin-bottom: 80px !important;}&#8221;][vc_column offset=&#8221;vc_col-lg-6 vc_col-md-6&#8243;][vc_column_text] DESPRE NOI Mai mult decat o companie de transporturi rutiere de marfa, compania Iubi Exim este o mare familie, cu valori \u0219i...\" \/>\n<meta property=\"og:url\" content=\"https:\/\/iubiexim.ro\/\" \/>\n<meta property=\"og:site_name\" content=\"Iubi Exim\" \/>\n<meta property=\"article:modified_time\" content=\"2024-02-12T06:58:29+00:00\" \/>\n<meta name=\"twitter:card\" content=\"summary_large_image\" \/>\n<meta name=\"twitter:label1\" content=\"Timp estimat pentru citire\" \/>\n\t<meta name=\"twitter:data1\" content=\"4 minute\" \/>\n<script type=\"application\/ld+json\" class=\"yoast-schema-graph\">{\"@context\":\"https:\/\/schema.org\",\"@graph\":[{\"@type\":\"WebPage\",\"@id\":\"https:\/\/iubiexim.ro\/\",\"url\":\"https:\/\/iubiexim.ro\/\",\"name\":\"Home - Iubi Exim\",\"isPartOf\":{\"@id\":\"https:\/\/iubiexim.ro\/#website\"},\"datePublished\":\"2015-10-21T07:42:32+00:00\",\"dateModified\":\"2024-02-12T06:58:29+00:00\",\"breadcrumb\":{\"@id\":\"https:\/\/iubiexim.ro\/#breadcrumb\"},\"inLanguage\":\"ro-RO\",\"potentialAction\":[{\"@type\":\"ReadAction\",\"target\":[\"https:\/\/iubiexim.ro\/\"]}]},{\"@type\":\"BreadcrumbList\",\"@id\":\"https:\/\/iubiexim.ro\/#breadcrumb\",\"itemListElement\":[{\"@type\":\"ListItem\",\"position\":1,\"name\":\"Prima pagin\u0103\",\"item\":\"https:\/\/iubiexim.ro\/\"},{\"@type\":\"ListItem\",\"position\":2,\"name\":\"Home\"}]},{\"@type\":\"WebSite\",\"@id\":\"https:\/\/iubiexim.ro\/#website\",\"url\":\"https:\/\/iubiexim.ro\/\",\"name\":\"Iubi Exim\",\"description\":\"Spedition\",\"potentialAction\":[{\"@type\":\"SearchAction\",\"target\":{\"@type\":\"EntryPoint\",\"urlTemplate\":\"https:\/\/iubiexim.ro\/?s={search_term_string}\"},\"query-input\":{\"@type\":\"PropertyValueSpecification\",\"valueRequired\":true,\"valueName\":\"search_term_string\"}}],\"inLanguage\":\"ro-RO\"}]}<\/script>\n<!-- \/ Yoast SEO plugin. -->","yoast_head_json":{"title":"Home - Iubi Exim","robots":{"index":"index","follow":"follow","max-snippet":"max-snippet:-1","max-image-preview":"max-image-preview:large","max-video-preview":"max-video-preview:-1"},"canonical":"https:\/\/iubiexim.ro\/","og_locale":"ro_RO","og_type":"article","og_title":"Home - Iubi Exim","og_description":"[vc_row full_width=&#8221;stretch_row_content_no_spaces&#8221; css=&#8221;.vc_custom_1445941555299{margin-bottom: 0px !important;}&#8221;][vc_column][rev_slider_vc alias=&#8221;main_slider&#8221;][vc_empty_space][\/vc_column][\/vc_row][vc_row css=&#8221;.vc_custom_1450264294682{margin-bottom: 80px !important;}&#8221;][vc_column offset=&#8221;vc_col-lg-6 vc_col-md-6&#8243;][vc_column_text] DESPRE NOI Mai mult decat o companie de transporturi rutiere de marfa, compania Iubi Exim este o mare familie, cu valori \u0219i...","og_url":"https:\/\/iubiexim.ro\/","og_site_name":"Iubi Exim","article_modified_time":"2024-02-12T06:58:29+00:00","twitter_card":"summary_large_image","twitter_misc":{"Timp estimat pentru citire":"4 minute"},"schema":{"@context":"https:\/\/schema.org","@graph":[{"@type":"WebPage","@id":"https:\/\/iubiexim.ro\/","url":"https:\/\/iubiexim.ro\/","name":"Home - Iubi Exim","isPartOf":{"@id":"https:\/\/iubiexim.ro\/#website"},"datePublished":"2015-10-21T07:42:32+00:00","dateModified":"2024-02-12T06:58:29+00:00","breadcrumb":{"@id":"https:\/\/iubiexim.ro\/#breadcrumb"},"inLanguage":"ro-RO","potentialAction":[{"@type":"ReadAction","target":["https:\/\/iubiexim.ro\/"]}]},{"@type":"BreadcrumbList","@id":"https:\/\/iubiexim.ro\/#breadcrumb","itemListElement":[{"@type":"ListItem","position":1,"name":"Prima pagin\u0103","item":"https:\/\/iubiexim.ro\/"},{"@type":"ListItem","position":2,"name":"Home"}]},{"@type":"WebSite","@id":"https:\/\/iubiexim.ro\/#website","url":"https:\/\/iubiexim.ro\/","name":"Iubi Exim","description":"Spedition","potentialAction":[{"@type":"SearchAction","target":{"@type":"EntryPoint","urlTemplate":"https:\/\/iubiexim.ro\/?s={search_term_string}"},"query-input":{"@type":"PropertyValueSpecification","valueRequired":true,"valueName":"search_term_string"}}],"inLanguage":"ro-RO"}]}},"_links":{"self":[{"href":"https:\/\/iubiexim.ro\/index.php\/wp-json\/wp\/v2\/pages\/1275","targetHints":{"allow":["GET"]}}],"collection":[{"href":"https:\/\/iubiexim.ro\/index.php\/wp-json\/wp\/v2\/pages"}],"about":[{"href":"https:\/\/iubiexim.ro\/index.php\/wp-json\/wp\/v2\/types\/page"}],"author":[{"embeddable":true,"href":"https:\/\/iubiexim.ro\/index.php\/wp-json\/wp\/v2\/users\/1"}],"replies":[{"embeddable":true,"href":"https:\/\/iubiexim.ro\/index.php\/wp-json\/wp\/v2\/comments?post=1275"}],"version-history":[{"count":36,"href":"https:\/\/iubiexim.ro\/index.php\/wp-json\/wp\/v2\/pages\/1275\/revisions"}],"predecessor-version":[{"id":1553,"href":"https:\/\/iubiexim.ro\/index.php\/wp-json\/wp\/v2\/pages\/1275\/revisions\/1553"}],"wp:attachment":[{"href":"https:\/\/iubiexim.ro\/index.php\/wp-json\/wp\/v2\/media?parent=1275"}],"curies":[{"name":"wp","href":"https:\/\/api.w.org\/{rel}","templated":true}]}}